{"id":3700,"date":"2021-04-01T11:46:45","date_gmt":"2021-04-01T09:46:45","guid":{"rendered":"https:\/\/mero.cz\/company-bodies\/"},"modified":"2026-04-22T11:39:40","modified_gmt":"2026-04-22T09:39:40","slug":"company-bodies","status":"publish","type":"page","link":"https:\/\/mero.cz\/en\/about-company\/company-bodies\/","title":{"rendered":"Company bodies"},"content":{"rendered":"\t\t<div data-elementor-type=\"wp-page\" data-elementor-id=\"3700\" class=\"elementor elementor-3700 elementor-2948\" data-elementor-post-type=\"page\">\n\t\t\t\t\t\t<section class=\"elementor-section elementor-top-section elementor-element elementor-element-f36adad elementor-section-boxed elementor-section-height-default elementor-section-height-default\" data-id=\"f36adad\" data-element_type=\"section\">\n\t\t\t\t\t\t<div class=\"elementor-container elementor-column-gap-default\">\n\t\t\t\t\t<div class=\"elementor-column elementor-col-100 elementor-top-column elementor-element elementor-element-bd4c70f\" data-id=\"bd4c70f\" data-element_type=\"column\">\n\t\t\t<div class=\"elementor-widget-wrap elementor-element-populated\">\n\t\t\t\t\t\t<div class=\"elementor-element elementor-element-4697a21 elementor-widget elementor-widget-heading\" data-id=\"4697a21\" data-element_type=\"widget\" data-widget_type=\"heading.default\">\n\t\t\t\t<div class=\"elementor-widget-container\">\n\t\t\t\t\t<h2 class=\"elementor-heading-title elementor-size-default\">Board of Directors:<\/h2>\t\t\t\t<\/div>\n\t\t\t\t<\/div>\n\t\t\t\t\t<\/div>\n\t\t<\/div>\n\t\t\t\t\t<\/div>\n\t\t<\/section>\n\t\t\t\t<section class=\"elementor-section elementor-top-section elementor-element elementor-element-ad66e02 elementor-section-boxed elementor-section-height-default elementor-section-height-default\" data-id=\"ad66e02\" data-element_type=\"section\">\n\t\t\t\t\t\t<div class=\"elementor-container elementor-column-gap-default\">\n\t\t\t\t\t<div class=\"elementor-column elementor-col-50 elementor-top-column elementor-element elementor-element-599c4d2\" data-id=\"599c4d2\" data-element_type=\"column\">\n\t\t\t<div class=\"elementor-widget-wrap elementor-element-populated\">\n\t\t\t\t\t\t<div class=\"elementor-element elementor-element-15939be elementor-widget__width-initial elementor-widget elementor-widget-image\" data-id=\"15939be\" data-element_type=\"widget\" data-widget_type=\"image.default\">\n\t\t\t\t<div class=\"elementor-widget-container\">\n\t\t\t\t\t\t\t\t\t\t\t\t\t\t\t<img fetchpriority=\"high\" decoding=\"async\" width=\"200\" height=\"300\" src=\"https:\/\/mero.cz\/wp-content\/uploads\/2026\/04\/z-dundr-iv-200x300.jpg\" class=\"attachment-medium size-medium wp-image-9097\" alt=\"\" srcset=\"https:\/\/mero.cz\/wp-content\/uploads\/2026\/04\/z-dundr-iv-200x300.jpg 200w, https:\/\/mero.cz\/wp-content\/uploads\/2026\/04\/z-dundr-iv-681x1024.jpg 681w, https:\/\/mero.cz\/wp-content\/uploads\/2026\/04\/z-dundr-iv-768x1154.jpg 768w, https:\/\/mero.cz\/wp-content\/uploads\/2026\/04\/z-dundr-iv-1022x1536.jpg 1022w, https:\/\/mero.cz\/wp-content\/uploads\/2026\/04\/z-dundr-iv-1362x2048.jpg 1362w, https:\/\/mero.cz\/wp-content\/uploads\/2026\/04\/z-dundr-iv-scaled.jpg 998w\" sizes=\"(max-width: 200px) 100vw, 200px\" \/>\t\t\t\t\t\t\t\t\t\t\t\t\t\t\t<\/div>\n\t\t\t\t<\/div>\n\t\t\t\t<div class=\"elementor-element elementor-element-e12ed56 elementor-widget elementor-widget-text-editor\" data-id=\"e12ed56\" data-element_type=\"widget\" data-widget_type=\"text-editor.default\">\n\t\t\t\t<div class=\"elementor-widget-container\">\n\t\t\t\t\t\t\t\t\t<h3 class=\"elementor-heading-title elementor-size-default\" style=\"text-align: center;\">\u00a0<\/h3><h3 class=\"elementor-heading-title elementor-size-default\" style=\"text-align: center;\">Ing. Zden\u011bk Dundr<\/h3><p style=\"text-align: center;\"><strong>Deputy Chairman<\/strong> <strong>of the Board<\/strong><\/p><p style=\"text-align: left;\">Zden\u011bk Dundr\u2019s professional career is connected with oil. He graduated from the University of Chemical Technology in Prague and the University of Economics in Prague, and began his career at MERO \u010cR, a.s. in technical professions. He mainly dealt with the quality of stored and transported oil, the application of new technologies, the introduction of inspection programs and defectoscope methodologies for the revision of technological equipment. Later, he led teams providing maintenance, quality and asset management, and participated in international projects. <br \/>Since September 2020, he has been a member of the Board of Directors, responsible for the operation and maintenance of oil pipelines and tank farms, business planning and asset management.<\/p>\t\t\t\t\t\t\t\t<\/div>\n\t\t\t\t<\/div>\n\t\t\t\t\t<\/div>\n\t\t<\/div>\n\t\t\t\t<div class=\"elementor-column elementor-col-50 elementor-top-column elementor-element elementor-element-fb35798\" data-id=\"fb35798\" data-element_type=\"column\">\n\t\t\t<div class=\"elementor-widget-wrap elementor-element-populated\">\n\t\t\t\t\t\t<div class=\"elementor-element elementor-element-db3ad08 elementor-widget__width-initial elementor-widget elementor-widget-image\" data-id=\"db3ad08\" data-element_type=\"widget\" data-widget_type=\"image.default\">\n\t\t\t\t<div class=\"elementor-widget-container\">\n\t\t\t\t\t\t\t\t\t\t\t\t\t\t\t<img decoding=\"async\" width=\"200\" height=\"300\" src=\"https:\/\/mero.cz\/wp-content\/uploads\/2026\/04\/foto-na-web-ing-poustka-200x300.jpg\" class=\"attachment-medium size-medium wp-image-9130\" alt=\"\" srcset=\"https:\/\/mero.cz\/wp-content\/uploads\/2026\/04\/foto-na-web-ing-poustka-200x300.jpg 200w, https:\/\/mero.cz\/wp-content\/uploads\/2026\/04\/foto-na-web-ing-poustka-683x1024.jpg 683w, https:\/\/mero.cz\/wp-content\/uploads\/2026\/04\/foto-na-web-ing-poustka-768x1152.jpg 768w, https:\/\/mero.cz\/wp-content\/uploads\/2026\/04\/foto-na-web-ing-poustka.jpg 1000w\" sizes=\"(max-width: 200px) 100vw, 200px\" \/>\t\t\t\t\t\t\t\t\t\t\t\t\t\t\t<\/div>\n\t\t\t\t<\/div>\n\t\t\t\t<div class=\"elementor-element elementor-element-c4bab60 elementor-widget elementor-widget-text-editor\" data-id=\"c4bab60\" data-element_type=\"widget\" data-widget_type=\"text-editor.default\">\n\t\t\t\t<div class=\"elementor-widget-container\">\n\t\t\t\t\t\t\t\t\t<h3 class=\"elementor-heading-title elementor-size-default\" style=\"text-align: center;\">\u00a0<\/h3><h3 class=\"elementor-heading-title elementor-size-default\" style=\"text-align: center;\">Ing. Miloslav Poustka<\/h3><p style=\"text-align: center;\"><strong>Member of the Board<\/strong><\/p><p class=\"x_MsoNormal\"><span data-olk-copy-source=\"MessageBody\">Miloslav Poustka has been with MERO \u010cR for more than 11 years and has held several technical and managerial positions during that time. After graduating from the Faculty of Mechanical Engineering at the Czech Technical University in Prague, he joined the company in 2015 as a metrologist responsible for measurement systems. He subsequently led the maintenance of operational equipment in the areas of control, measurement, and regulation.\u00a0 \u00a0 \u00a0 \u00a0 \u00a0 \u00a0 \u00a0 \u00a0 \u00a0 \u00a0 \u00a0 \u00a0 \u00a0 \u00a0 \u00a0 \u00a0 \u00a0 \u00a0 \u00a0 \u00a0 \u00a0 \u00a0 \u00a0 \u00a0 \u00a0 \u00a0 \u00a0 \u00a0 \u00a0 \u00a0 \u00a0 \u00a0 \u00a0 \u00a0 \u00a0 \u00a0 \u00a0 \u00a0 \u00a0 \u00a0 \u00a0 \u00a0 \u00a0 \u00a0 \u00a0 \u00a0 \u00a0 \u00a0 \u00a0 \u00a0 \u00a0 \u00a0 \u00a0 \u00a0 \u00a0 \u00a0 \u00a0 \u00a0 \u00a0 \u00a0 \u00a0 \u00a0 \u00a0 \u00a0 \u00a0 \u00a0 \u00a0 \u00a0 \u00a0 \u00a0 \u00a0 \u00a0 <\/span>Since 2020, he has headed the maintenance department, where he was responsible for key infrastructure \u2013 crude oil pipelines, pumping stations, and storage tanks. He participated in strategic and operational planning and represented the company in international working groups. He has experience implementing major investment projects, including the reconstruction of storage tanks costing tens of millions of crowns. As a member of the Technical Commission of the Council for Metrology, he provided input on proposals in the Metrology Development Program, among other things.\u00a0 \u00a0 \u00a0 \u00a0 \u00a0 \u00a0 \u00a0 \u00a0 \u00a0 \u00a0 \u00a0 \u00a0 \u00a0 \u00a0 \u00a0 \u00a0 \u00a0 In 2025, he expanded his responsibilities to include the complex management of the Technical Infrastructure and Maintenance Department, where he was in charge of, among other things, the implementation of tenders, budgeting, and the inspection of technological equipments.\u00a0 \u00a0 \u00a0 \u00a0 \u00a0 \u00a0 \u00a0 \u00a0 \u00a0 \u00a0 \u00a0 \u00a0 \u00a0 \u00a0 \u00a0 \u00a0 \u00a0 \u00a0 \u00a0 \u00a0 \u00a0 \u00a0 \u00a0 \u00a0 \u00a0 \u00a0 \u00a0 \u00a0 \u00a0 \u00a0 \u00a0 \u00a0 \u00a0 \u00a0 \u00a0 \u00a0 \u00a0 \u00a0 \u00a0 \u00a0 \u00a0 \u00a0 \u00a0 \u00a0 \u00a0 \u00a0 \u00a0 \u00a0 \u00a0 \u00a0 \u00a0 \u00a0 \u00a0 \u00a0 \u00a0 \u00a0 \u00a0 \u00a0 \u00a0 He has been a member of the Board of Directors since March 2026.<\/p>\t\t\t\t\t\t\t\t<\/div>\n\t\t\t\t<\/div>\n\t\t\t\t\t<\/div>\n\t\t<\/div>\n\t\t\t\t\t<\/div>\n\t\t<\/section>\n\t\t\t\t<section class=\"elementor-section elementor-top-section elementor-element elementor-element-aeacc94 elementor-section-boxed elementor-section-height-default elementor-section-height-default\" data-id=\"aeacc94\" data-element_type=\"section\">\n\t\t\t\t\t\t<div class=\"elementor-container elementor-column-gap-default\">\n\t\t\t\t\t<div class=\"elementor-column elementor-col-100 elementor-top-column elementor-element elementor-element-2f6deb5\" data-id=\"2f6deb5\" data-element_type=\"column\">\n\t\t\t<div class=\"elementor-widget-wrap elementor-element-populated\">\n\t\t\t\t\t\t<div class=\"elementor-element elementor-element-d7593ca elementor-widget elementor-widget-heading\" data-id=\"d7593ca\" data-element_type=\"widget\" data-widget_type=\"heading.default\">\n\t\t\t\t<div class=\"elementor-widget-container\">\n\t\t\t\t\t<h2 class=\"elementor-heading-title elementor-size-default\">Board of Supervisors:<\/h2>\t\t\t\t<\/div>\n\t\t\t\t<\/div>\n\t\t\t\t\t<\/div>\n\t\t<\/div>\n\t\t\t\t\t<\/div>\n\t\t<\/section>\n\t\t\t\t<section class=\"elementor-section elementor-top-section elementor-element elementor-element-8d5d618 elementor-section-boxed elementor-section-height-default elementor-section-height-default\" data-id=\"8d5d618\" data-element_type=\"section\">\n\t\t\t\t\t\t<div class=\"elementor-container elementor-column-gap-default\">\n\t\t\t\t\t<div class=\"elementor-column elementor-col-33 elementor-top-column elementor-element elementor-element-607537f\" data-id=\"607537f\" data-element_type=\"column\" data-settings=\"{&quot;background_background&quot;:&quot;classic&quot;}\">\n\t\t\t<div class=\"elementor-widget-wrap elementor-element-populated\">\n\t\t\t\t\t\t<div class=\"elementor-element elementor-element-2a7c7d9 elementor-widget elementor-widget-heading\" data-id=\"2a7c7d9\" data-element_type=\"widget\" data-widget_type=\"heading.default\">\n\t\t\t\t<div class=\"elementor-widget-container\">\n\t\t\t\t\t<h3 class=\"elementor-heading-title elementor-size-default\">Ing. Ji\u0159\u00ed Fojt\u00edk<\/h3>\t\t\t\t<\/div>\n\t\t\t\t<\/div>\n\t\t\t\t<div class=\"elementor-element elementor-element-98dd4da elementor-widget elementor-widget-heading\" data-id=\"98dd4da\" data-element_type=\"widget\" data-widget_type=\"heading.default\">\n\t\t\t\t<div class=\"elementor-widget-container\">\n\t\t\t\t\t<span class=\"elementor-heading-title elementor-size-default\">Chairman of the Supervisory Board<\/span>\t\t\t\t<\/div>\n\t\t\t\t<\/div>\n\t\t\t\t\t<\/div>\n\t\t<\/div>\n\t\t\t\t<div class=\"elementor-column elementor-col-33 elementor-top-column elementor-element elementor-element-0ba8a1a\" data-id=\"0ba8a1a\" data-element_type=\"column\" data-settings=\"{&quot;background_background&quot;:&quot;classic&quot;}\">\n\t\t\t<div class=\"elementor-widget-wrap elementor-element-populated\">\n\t\t\t\t\t\t<div class=\"elementor-element elementor-element-03c1343 elementor-widget elementor-widget-heading\" data-id=\"03c1343\" data-element_type=\"widget\" data-widget_type=\"heading.default\">\n\t\t\t\t<div class=\"elementor-widget-container\">\n\t\t\t\t\t<h3 class=\"elementor-heading-title elementor-size-default\">Ing. Otakar Hora, Csc<\/h3>\t\t\t\t<\/div>\n\t\t\t\t<\/div>\n\t\t\t\t<div class=\"elementor-element elementor-element-d6e3fbb elementor-widget elementor-widget-heading\" data-id=\"d6e3fbb\" data-element_type=\"widget\" data-widget_type=\"heading.default\">\n\t\t\t\t<div class=\"elementor-widget-container\">\n\t\t\t\t\t<span class=\"elementor-heading-title elementor-size-default\">Vice Chairman of the Supervisory Board<\/span>\t\t\t\t<\/div>\n\t\t\t\t<\/div>\n\t\t\t\t\t<\/div>\n\t\t<\/div>\n\t\t\t\t<div class=\"elementor-column elementor-col-33 elementor-top-column elementor-element elementor-element-105c420\" data-id=\"105c420\" data-element_type=\"column\" data-settings=\"{&quot;background_background&quot;:&quot;classic&quot;}\">\n\t\t\t<div class=\"elementor-widget-wrap elementor-element-populated\">\n\t\t\t\t\t\t<div class=\"elementor-element elementor-element-2d48edf elementor-widget elementor-widget-heading\" data-id=\"2d48edf\" data-element_type=\"widget\" data-widget_type=\"heading.default\">\n\t\t\t\t<div class=\"elementor-widget-container\">\n\t\t\t\t\t<h3 class=\"elementor-heading-title elementor-size-default\">Ing. Pavel \u0160abata<\/h3>\t\t\t\t<\/div>\n\t\t\t\t<\/div>\n\t\t\t\t<div class=\"elementor-element elementor-element-e4da7ba elementor-widget elementor-widget-heading\" data-id=\"e4da7ba\" data-element_type=\"widget\" data-widget_type=\"heading.default\">\n\t\t\t\t<div class=\"elementor-widget-container\">\n\t\t\t\t\t<span class=\"elementor-heading-title elementor-size-default\">Member of the Supervisory Board<\/span>\t\t\t\t<\/div>\n\t\t\t\t<\/div>\n\t\t\t\t\t<\/div>\n\t\t<\/div>\n\t\t\t\t\t<\/div>\n\t\t<\/section>\n\t\t\t\t<section class=\"elementor-section elementor-top-section elementor-element elementor-element-aba8a0d elementor-section-boxed elementor-section-height-default elementor-section-height-default\" data-id=\"aba8a0d\" data-element_type=\"section\">\n\t\t\t\t\t\t<div class=\"elementor-container elementor-column-gap-default\">\n\t\t\t\t\t<div class=\"elementor-column elementor-col-100 elementor-top-column elementor-element elementor-element-a64c556\" data-id=\"a64c556\" data-element_type=\"column\">\n\t\t\t<div class=\"elementor-widget-wrap elementor-element-populated\">\n\t\t\t\t\t\t<div class=\"elementor-element elementor-element-012a681 elementor-widget elementor-widget-heading\" data-id=\"012a681\" data-element_type=\"widget\" data-widget_type=\"heading.default\">\n\t\t\t\t<div class=\"elementor-widget-container\">\n\t\t\t\t\t<h2 class=\"elementor-heading-title elementor-size-default\">Audit Committee:<\/h2>\t\t\t\t<\/div>\n\t\t\t\t<\/div>\n\t\t\t\t\t<\/div>\n\t\t<\/div>\n\t\t\t\t\t<\/div>\n\t\t<\/section>\n\t\t\t\t<section class=\"elementor-section elementor-top-section elementor-element elementor-element-f1f682a elementor-section-boxed elementor-section-height-default elementor-section-height-default\" data-id=\"f1f682a\" data-element_type=\"section\">\n\t\t\t\t\t\t<div class=\"elementor-container elementor-column-gap-default\">\n\t\t\t\t\t<div class=\"elementor-column elementor-col-33 elementor-top-column elementor-element elementor-element-25d09e9\" data-id=\"25d09e9\" data-element_type=\"column\" data-settings=\"{&quot;background_background&quot;:&quot;classic&quot;}\">\n\t\t\t<div class=\"elementor-widget-wrap elementor-element-populated\">\n\t\t\t\t\t\t<div class=\"elementor-element elementor-element-4208af9 elementor-widget elementor-widget-heading\" data-id=\"4208af9\" data-element_type=\"widget\" data-widget_type=\"heading.default\">\n\t\t\t\t<div class=\"elementor-widget-container\">\n\t\t\t\t\t<h3 class=\"elementor-heading-title elementor-size-default\">Ing. Pavel Z\u00e1vitkovsk\u00fd<\/h3>\t\t\t\t<\/div>\n\t\t\t\t<\/div>\n\t\t\t\t<div class=\"elementor-element elementor-element-485df07 elementor-widget elementor-widget-heading\" data-id=\"485df07\" data-element_type=\"widget\" data-widget_type=\"heading.default\">\n\t\t\t\t<div class=\"elementor-widget-container\">\n\t\t\t\t\t<span class=\"elementor-heading-title elementor-size-default\">Chairman of the Audit Committee<\/span>\t\t\t\t<\/div>\n\t\t\t\t<\/div>\n\t\t\t\t\t<\/div>\n\t\t<\/div>\n\t\t\t\t<div class=\"elementor-column elementor-col-33 elementor-top-column elementor-element elementor-element-b11ce8b\" data-id=\"b11ce8b\" data-element_type=\"column\" data-settings=\"{&quot;background_background&quot;:&quot;classic&quot;}\">\n\t\t\t<div class=\"elementor-widget-wrap elementor-element-populated\">\n\t\t\t\t\t\t<div class=\"elementor-element elementor-element-e7f5238 elementor-widget elementor-widget-heading\" data-id=\"e7f5238\" data-element_type=\"widget\" data-widget_type=\"heading.default\">\n\t\t\t\t<div class=\"elementor-widget-container\">\n\t\t\t\t\t<h3 class=\"elementor-heading-title elementor-size-default\">PhDr. Tom\u00e1\u0161 Vyhn\u00e1nek<\/h3>\t\t\t\t<\/div>\n\t\t\t\t<\/div>\n\t\t\t\t<div class=\"elementor-element elementor-element-9b2cf4b elementor-widget elementor-widget-heading\" data-id=\"9b2cf4b\" data-element_type=\"widget\" data-widget_type=\"heading.default\">\n\t\t\t\t<div class=\"elementor-widget-container\">\n\t\t\t\t\t<span class=\"elementor-heading-title elementor-size-default\">Vicechairman of the Audit Committee<\/span>\t\t\t\t<\/div>\n\t\t\t\t<\/div>\n\t\t\t\t\t<\/div>\n\t\t<\/div>\n\t\t\t\t<div class=\"elementor-column elementor-col-33 elementor-top-column elementor-element elementor-element-f4470c0\" data-id=\"f4470c0\" data-element_type=\"column\" data-settings=\"{&quot;background_background&quot;:&quot;classic&quot;}\">\n\t\t\t<div class=\"elementor-widget-wrap elementor-element-populated\">\n\t\t\t\t\t\t<div class=\"elementor-element elementor-element-d6e4404 elementor-widget elementor-widget-heading\" data-id=\"d6e4404\" data-element_type=\"widget\" data-widget_type=\"heading.default\">\n\t\t\t\t<div class=\"elementor-widget-container\">\n\t\t\t\t\t<h3 class=\"elementor-heading-title elementor-size-default\">Ing. Petra Svobodov\u00e1<\/h3>\t\t\t\t<\/div>\n\t\t\t\t<\/div>\n\t\t\t\t<div class=\"elementor-element elementor-element-73b8684 elementor-widget elementor-widget-heading\" data-id=\"73b8684\" data-element_type=\"widget\" data-widget_type=\"heading.default\">\n\t\t\t\t<div class=\"elementor-widget-container\">\n\t\t\t\t\t<span class=\"elementor-heading-title elementor-size-default\">Member<\/span>\t\t\t\t<\/div>\n\t\t\t\t<\/div>\n\t\t\t\t\t<\/div>\n\t\t<\/div>\n\t\t\t\t\t<\/div>\n\t\t<\/section>\n\t\t\t\t<\/div>\n\t\t","protected":false},"excerpt":{"rendered":"<p>Board of Directors: \u00a0 Ing. Zden\u011bk Dundr Deputy Chairman of the Board Zden\u011bk Dundr\u2019s professional career is connected with oil. He graduated from the University of Chemical Technology in Prague and the University of Economics in Prague, and began his career at MERO \u010cR, a.s. in technical professions. He mainly dealt with the quality of [&hellip;]<\/p>\n","protected":false},"author":2,"featured_media":0,"parent":3712,"menu_order":0,"comment_status":"closed","ping_status":"closed","template":"","meta":{"_acf_changed":false,"footnotes":""},"class_list":["post-3700","page","type-page","status-publish","hentry"],"acf":[],"_links":{"self":[{"href":"https:\/\/mero.cz\/en\/wp-json\/wp\/v2\/pages\/3700","targetHints":{"allow":["GET"]}}],"collection":[{"href":"https:\/\/mero.cz\/en\/wp-json\/wp\/v2\/pages"}],"about":[{"href":"https:\/\/mero.cz\/en\/wp-json\/wp\/v2\/types\/page"}],"author":[{"embeddable":true,"href":"https:\/\/mero.cz\/en\/wp-json\/wp\/v2\/users\/2"}],"replies":[{"embeddable":true,"href":"https:\/\/mero.cz\/en\/wp-json\/wp\/v2\/comments?post=3700"}],"version-history":[{"count":143,"href":"https:\/\/mero.cz\/en\/wp-json\/wp\/v2\/pages\/3700\/revisions"}],"predecessor-version":[{"id":9154,"href":"https:\/\/mero.cz\/en\/wp-json\/wp\/v2\/pages\/3700\/revisions\/9154"}],"up":[{"embeddable":true,"href":"https:\/\/mero.cz\/en\/wp-json\/wp\/v2\/pages\/3712"}],"wp:attachment":[{"href":"https:\/\/mero.cz\/en\/wp-json\/wp\/v2\/media?parent=3700"}],"curies":[{"name":"wp","href":"https:\/\/api.w.org\/{rel}","templated":true}]}}