{"id":3872,"date":"2021-04-04T12:30:58","date_gmt":"2021-04-04T10:30:58","guid":{"rendered":"https:\/\/mero.cz\/the-druzba-crude-oil-pipeline\/"},"modified":"2021-04-06T12:37:15","modified_gmt":"2021-04-06T10:37:15","slug":"the-druzba-crude-oil-pipeline","status":"publish","type":"page","link":"https:\/\/mero.cz\/en\/operation\/the-druzba-crude-oil-pipeline\/","title":{"rendered":"The Dru\u017eba oil pipeline"},"content":{"rendered":"\t\t<div data-elementor-type=\"wp-page\" data-elementor-id=\"3872\" class=\"elementor elementor-3872 elementor-248\" data-elementor-post-type=\"page\">\n\t\t\t\t\t\t<section class=\"elementor-section elementor-top-section elementor-element elementor-element-c7b6457 elementor-section-boxed elementor-section-height-default elementor-section-height-default\" data-id=\"c7b6457\" data-element_type=\"section\">\n\t\t\t\t\t\t<div class=\"elementor-container elementor-column-gap-default\">\n\t\t\t\t\t<div class=\"elementor-column elementor-col-66 elementor-top-column elementor-element elementor-element-84d4e5a\" data-id=\"84d4e5a\" data-element_type=\"column\">\n\t\t\t<div class=\"elementor-widget-wrap elementor-element-populated\">\n\t\t\t\t\t\t<div class=\"elementor-element elementor-element-9f60caa elementor-widget elementor-widget-text-editor\" data-id=\"9f60caa\" data-element_type=\"widget\" data-widget_type=\"text-editor.default\">\n\t\t\t\t<div class=\"elementor-widget-container\">\n\t\t\t\t\t\t\t\t\t<p>With a length of over 5,000 km, the Druzhba oil pipeline is the longest oil pipeline in the world.<\/p>\n<p>In 1962, it was led to Bratislava to what was then Czechoslovakia and in 1965 it was extended to Z\u00e1lu\u017e\u00ed u Mostu.<\/p>\n<p>By 1989, the then Czechoslovakia imported up to 18 million tons of oil a year exclusively through this pipeline from the former Soviet Union.<\/p>\n<p>Since 1994, the Dru\u017eba oil pipeline has been administered on the Czech territory by MERO \u010cR, a.s. Twenty-five years ago, the pipeline was comprehensively modernized, and since then MERO \u010cR, a.s. has invested tens of millions of Czech Crowns per year in its maintenance. Thanks to this, the control and safety systems of the Druzhba oil pipeline are comparable to much younger oil pipelines.<\/p>\n\t\t\t\t\t\t\t\t<\/div>\n\t\t\t\t<\/div>\n\t\t\t\t<section class=\"elementor-section elementor-inner-section elementor-element elementor-element-9e88d62 elementor-section-full_width elementor-section-height-default elementor-section-height-default\" data-id=\"9e88d62\" data-element_type=\"section\" data-settings=\"{&quot;background_background&quot;:&quot;classic&quot;}\">\n\t\t\t\t\t\t<div class=\"elementor-container elementor-column-gap-default\">\n\t\t\t\t\t<div class=\"elementor-column elementor-col-100 elementor-inner-column elementor-element elementor-element-cb89537\" data-id=\"cb89537\" data-element_type=\"column\">\n\t\t\t<div class=\"elementor-widget-wrap elementor-element-populated\">\n\t\t\t\t\t\t<div class=\"elementor-element elementor-element-5f86b69 elementor-widget elementor-widget-heading\" data-id=\"5f86b69\" data-element_type=\"widget\" data-widget_type=\"heading.default\">\n\t\t\t\t<div class=\"elementor-widget-container\">\n\t\t\t\t\t<h2 class=\"elementor-heading-title elementor-size-default\">More informations:<\/h2>\t\t\t\t<\/div>\n\t\t\t\t<\/div>\n\t\t\t\t<div class=\"elementor-element elementor-element-68d6c1e elementor-icon-list--layout-inline druzba-more-buttons elementor-list-item-link-full_width elementor-widget elementor-widget-icon-list\" data-id=\"68d6c1e\" data-element_type=\"widget\" data-widget_type=\"icon-list.default\">\n\t\t\t\t<div class=\"elementor-widget-container\">\n\t\t\t\t\t\t\t<ul class=\"elementor-icon-list-items elementor-inline-items\">\n\t\t\t\t\t\t\t<li class=\"elementor-icon-list-item elementor-inline-item\">\n\t\t\t\t\t\t\t\t\t\t\t<a href=\"\/en\/the-druzba-crude-oil-pipeline\/technical-data\">\n\n\t\t\t\t\t\t\t\t\t\t\t\t<span class=\"elementor-icon-list-icon\">\n\t\t\t\t\t\t\t<svg xmlns=\"http:\/\/www.w3.org\/2000\/svg\" viewBox=\"0 0 65 27\" width=\"65\" height=\"27\"><style> tspan { white-space:pre } .shp0 { fill: #ffffff } <\/style><g id=\"Layer\"><path id=\"Layer\" class=\"shp0\" d=\"M55.3 13.5L47.3 4.8C47 4.4 46.8 4 46.8 3.5C46.8 3 47 2.6 47.3 2.3C47.6 2 48 1.8 48.5 1.8C49 1.8 49.4 2 49.7 2.3L59.5 12.2C59.8 12.5 60 13 60 13.4C60 13.9 59.8 14.3 59.5 14.6L49.7 24.6C49.4 24.9 49 25.1 48.5 25.1C48 25.1 47.6 24.9 47.3 24.6C47 24.2 46.8 23.8 46.8 23.4C46.8 22.9 47 22.5 47.3 22.2L55.3 13.5Z\"><\/path><\/g><path id=\"Layer\" class=\"shp0\" d=\"M34.5 17.4C32.34 17.4 30.6 15.66 30.6 13.5C30.6 11.34 32.34 9.6 34.5 9.6C36.66 9.6 38.4 11.34 38.4 13.5C38.4 15.66 36.66 17.4 34.5 17.4Z\"><\/path><path id=\"Layer\" class=\"shp0\" d=\"M21.7 17.4C19.54 17.4 17.8 15.66 17.8 13.5C17.8 11.34 19.54 9.6 21.7 9.6C23.86 9.6 25.6 11.34 25.6 13.5C25.6 15.66 23.86 17.4 21.7 17.4Z\"><\/path><path id=\"Layer\" class=\"shp0\" d=\"M8.8 17.4C6.64 17.4 4.9 15.66 4.9 13.5C4.9 11.34 6.64 9.6 8.8 9.6C10.96 9.6 12.7 11.34 12.7 13.5C12.7 15.66 10.96 17.4 8.8 17.4Z\"><\/path><\/svg>\t\t\t\t\t\t<\/span>\n\t\t\t\t\t\t\t\t\t\t<span class=\"elementor-icon-list-text\">Technical data<\/span>\n\t\t\t\t\t\t\t\t\t\t\t<\/a>\n\t\t\t\t\t\t\t\t\t<\/li>\n\t\t\t\t\t\t\t\t<li class=\"elementor-icon-list-item elementor-inline-item\">\n\t\t\t\t\t\t\t\t\t\t\t<a href=\"\/en\/operation\/the-druzba-crude-oil-pipeline\/history-of-construction\/\">\n\n\t\t\t\t\t\t\t\t\t\t\t\t<span class=\"elementor-icon-list-icon\">\n\t\t\t\t\t\t\t<svg xmlns=\"http:\/\/www.w3.org\/2000\/svg\" viewBox=\"0 0 65 27\" width=\"65\" height=\"27\"><style> tspan { white-space:pre } .shp0 { fill: #ffffff } <\/style><g id=\"Layer\"><path id=\"Layer\" class=\"shp0\" d=\"M55.3 13.5L47.3 4.8C47 4.4 46.8 4 46.8 3.5C46.8 3 47 2.6 47.3 2.3C47.6 2 48 1.8 48.5 1.8C49 1.8 49.4 2 49.7 2.3L59.5 12.2C59.8 12.5 60 13 60 13.4C60 13.9 59.8 14.3 59.5 14.6L49.7 24.6C49.4 24.9 49 25.1 48.5 25.1C48 25.1 47.6 24.9 47.3 24.6C47 24.2 46.8 23.8 46.8 23.4C46.8 22.9 47 22.5 47.3 22.2L55.3 13.5Z\"><\/path><\/g><path id=\"Layer\" class=\"shp0\" d=\"M34.5 17.4C32.34 17.4 30.6 15.66 30.6 13.5C30.6 11.34 32.34 9.6 34.5 9.6C36.66 9.6 38.4 11.34 38.4 13.5C38.4 15.66 36.66 17.4 34.5 17.4Z\"><\/path><path id=\"Layer\" class=\"shp0\" d=\"M21.7 17.4C19.54 17.4 17.8 15.66 17.8 13.5C17.8 11.34 19.54 9.6 21.7 9.6C23.86 9.6 25.6 11.34 25.6 13.5C25.6 15.66 23.86 17.4 21.7 17.4Z\"><\/path><path id=\"Layer\" class=\"shp0\" d=\"M8.8 17.4C6.64 17.4 4.9 15.66 4.9 13.5C4.9 11.34 6.64 9.6 8.8 9.6C10.96 9.6 12.7 11.34 12.7 13.5C12.7 15.66 10.96 17.4 8.8 17.4Z\"><\/path><\/svg>\t\t\t\t\t\t<\/span>\n\t\t\t\t\t\t\t\t\t\t<span class=\"elementor-icon-list-text\">History of construction<\/span>\n\t\t\t\t\t\t\t\t\t\t\t<\/a>\n\t\t\t\t\t\t\t\t\t<\/li>\n\t\t\t\t\t\t\t\t<li class=\"elementor-icon-list-item elementor-inline-item\">\n\t\t\t\t\t\t\t\t\t\t\t<a href=\"\/wp-content\/uploads\/2021\/02\/druzba.png\">\n\n\t\t\t\t\t\t\t\t\t\t\t\t<span class=\"elementor-icon-list-icon\">\n\t\t\t\t\t\t\t<svg xmlns=\"http:\/\/www.w3.org\/2000\/svg\" viewBox=\"0 0 65 27\" width=\"65\" height=\"27\"><style> tspan { white-space:pre } .shp0 { fill: #ffffff } <\/style><g id=\"Layer\"><path id=\"Layer\" class=\"shp0\" d=\"M55.3 13.5L47.3 4.8C47 4.4 46.8 4 46.8 3.5C46.8 3 47 2.6 47.3 2.3C47.6 2 48 1.8 48.5 1.8C49 1.8 49.4 2 49.7 2.3L59.5 12.2C59.8 12.5 60 13 60 13.4C60 13.9 59.8 14.3 59.5 14.6L49.7 24.6C49.4 24.9 49 25.1 48.5 25.1C48 25.1 47.6 24.9 47.3 24.6C47 24.2 46.8 23.8 46.8 23.4C46.8 22.9 47 22.5 47.3 22.2L55.3 13.5Z\"><\/path><\/g><path id=\"Layer\" class=\"shp0\" d=\"M34.5 17.4C32.34 17.4 30.6 15.66 30.6 13.5C30.6 11.34 32.34 9.6 34.5 9.6C36.66 9.6 38.4 11.34 38.4 13.5C38.4 15.66 36.66 17.4 34.5 17.4Z\"><\/path><path id=\"Layer\" class=\"shp0\" d=\"M21.7 17.4C19.54 17.4 17.8 15.66 17.8 13.5C17.8 11.34 19.54 9.6 21.7 9.6C23.86 9.6 25.6 11.34 25.6 13.5C25.6 15.66 23.86 17.4 21.7 17.4Z\"><\/path><path id=\"Layer\" class=\"shp0\" d=\"M8.8 17.4C6.64 17.4 4.9 15.66 4.9 13.5C4.9 11.34 6.64 9.6 8.8 9.6C10.96 9.6 12.7 11.34 12.7 13.5C12.7 15.66 10.96 17.4 8.8 17.4Z\"><\/path><\/svg>\t\t\t\t\t\t<\/span>\n\t\t\t\t\t\t\t\t\t\t<span class=\"elementor-icon-list-text\">Map<\/span>\n\t\t\t\t\t\t\t\t\t\t\t<\/a>\n\t\t\t\t\t\t\t\t\t<\/li>\n\t\t\t\t\t\t<\/ul>\n\t\t\t\t\t\t<\/div>\n\t\t\t\t<\/div>\n\t\t\t\t\t<\/div>\n\t\t<\/div>\n\t\t\t\t\t<\/div>\n\t\t<\/section>\n\t\t\t\t\t<\/div>\n\t\t<\/div>\n\t\t\t\t<div class=\"elementor-column elementor-col-33 elementor-top-column elementor-element elementor-element-4e57141\" data-id=\"4e57141\" data-element_type=\"column\">\n\t\t\t<div class=\"elementor-widget-wrap elementor-element-populated\">\n\t\t\t\t\t\t<div class=\"elementor-element elementor-element-173efa8 elementor-widget elementor-widget-image\" data-id=\"173efa8\" data-element_type=\"widget\" data-widget_type=\"image.default\">\n\t\t\t\t<div class=\"elementor-widget-container\">\n\t\t\t\t\t\t\t\t\t\t\t\t\t\t\t<img fetchpriority=\"high\" decoding=\"async\" width=\"768\" height=\"442\" src=\"https:\/\/mero.cz\/wp-content\/uploads\/2021\/02\/druzba-768x442.png\" class=\"attachment-medium_large size-medium_large wp-image-2562\" alt=\"\" srcset=\"https:\/\/mero.cz\/wp-content\/uploads\/2021\/02\/druzba-768x442.png 768w, https:\/\/mero.cz\/wp-content\/uploads\/2021\/02\/druzba-300x173.png 300w, https:\/\/mero.cz\/wp-content\/uploads\/2021\/02\/druzba-1024x590.png 1024w, https:\/\/mero.cz\/wp-content\/uploads\/2021\/02\/druzba.png 1200w\" sizes=\"(max-width: 768px) 100vw, 768px\" \/>\t\t\t\t\t\t\t\t\t\t\t\t\t\t\t<\/div>\n\t\t\t\t<\/div>\n\t\t\t\t\t<\/div>\n\t\t<\/div>\n\t\t\t\t\t<\/div>\n\t\t<\/section>\n\t\t\t\t<section class=\"elementor-section elementor-top-section elementor-element elementor-element-c4a27ee elementor-section-boxed elementor-section-height-default elementor-section-height-default\" data-id=\"c4a27ee\" data-element_type=\"section\">\n\t\t\t\t\t\t<div class=\"elementor-container elementor-column-gap-default\">\n\t\t\t\t\t<div class=\"elementor-column elementor-col-100 elementor-top-column elementor-element elementor-element-dbe52b9\" data-id=\"dbe52b9\" data-element_type=\"column\">\n\t\t\t<div class=\"elementor-widget-wrap elementor-element-populated\">\n\t\t\t\t\t\t<div class=\"elementor-element elementor-element-ee66b5e elementor-widget elementor-widget-gallery\" data-id=\"ee66b5e\" data-element_type=\"widget\" data-settings=\"{&quot;lazyload&quot;:&quot;yes&quot;,&quot;gallery_layout&quot;:&quot;grid&quot;,&quot;columns&quot;:4,&quot;columns_tablet&quot;:2,&quot;columns_mobile&quot;:1,&quot;gap&quot;:{&quot;unit&quot;:&quot;px&quot;,&quot;size&quot;:10,&quot;sizes&quot;:[]},&quot;gap_tablet&quot;:{&quot;unit&quot;:&quot;px&quot;,&quot;size&quot;:10,&quot;sizes&quot;:[]},&quot;gap_mobile&quot;:{&quot;unit&quot;:&quot;px&quot;,&quot;size&quot;:10,&quot;sizes&quot;:[]},&quot;link_to&quot;:&quot;file&quot;,&quot;aspect_ratio&quot;:&quot;3:2&quot;,&quot;overlay_background&quot;:&quot;yes&quot;,&quot;content_hover_animation&quot;:&quot;fade-in&quot;}\" data-widget_type=\"gallery.default\">\n\t\t\t\t<div class=\"elementor-widget-container\">\n\t\t\t\t\t\t\t<div class=\"elementor-gallery__container\">\n\t\t\t\t\t\t\t<a class=\"e-gallery-item elementor-gallery-item elementor-animated-content\" href=\"https:\/\/mero.cz\/wp-content\/uploads\/2021\/03\/untitled-0074.jpg\" data-elementor-open-lightbox=\"yes\" data-elementor-lightbox-slideshow=\"ee66b5e\" data-elementor-lightbox-title=\"The Druzhba Oil Pipeline\" data-elementor-lightbox-description=\"The Druzhba Oil Pipeline \" data-e-action-hash=\"#elementor-action%3Aaction%3Dlightbox%26settings%3DeyJpZCI6MzExMCwidXJsIjoiaHR0cHM6XC9cL21lcm8uY3pcL3dwLWNvbnRlbnRcL3VwbG9hZHNcLzIwMjFcLzAzXC91bnRpdGxlZC0wMDc0LmpwZyIsInNsaWRlc2hvdyI6ImVlNjZiNWUifQ%3D%3D\">\n\t\t\t\t\t<div class=\"e-gallery-image elementor-gallery-item__image\" data-thumbnail=\"https:\/\/mero.cz\/wp-content\/uploads\/2021\/03\/untitled-0074.jpg\" data-width=\"1500\" data-height=\"1000\" aria-label=\"\" role=\"img\" ><\/div>\n\t\t\t\t\t\t\t\t\t\t\t<div class=\"elementor-gallery-item__overlay\"><\/div>\n\t\t\t\t\t\t\t\t\t\t\t\t\t\t<\/a>\n\t\t\t\t\t\t\t<a class=\"e-gallery-item elementor-gallery-item elementor-animated-content\" href=\"https:\/\/mero.cz\/wp-content\/uploads\/2021\/03\/untitled-0029.jpg\" data-elementor-open-lightbox=\"yes\" data-elementor-lightbox-slideshow=\"ee66b5e\" data-elementor-lightbox-title=\"The Druzhba Oil Pipeline\" data-elementor-lightbox-description=\"The Druzhba Oil Pipeline \" data-e-action-hash=\"#elementor-action%3Aaction%3Dlightbox%26settings%3DeyJpZCI6MzA5NCwidXJsIjoiaHR0cHM6XC9cL21lcm8uY3pcL3dwLWNvbnRlbnRcL3VwbG9hZHNcLzIwMjFcLzAzXC91bnRpdGxlZC0wMDI5LmpwZyIsInNsaWRlc2hvdyI6ImVlNjZiNWUifQ%3D%3D\">\n\t\t\t\t\t<div class=\"e-gallery-image elementor-gallery-item__image\" data-thumbnail=\"https:\/\/mero.cz\/wp-content\/uploads\/2021\/03\/untitled-0029.jpg\" data-width=\"1500\" data-height=\"1000\" aria-label=\"The Druzhba Oil Pipeline\" role=\"img\" ><\/div>\n\t\t\t\t\t\t\t\t\t\t\t<div class=\"elementor-gallery-item__overlay\"><\/div>\n\t\t\t\t\t\t\t\t\t\t\t\t\t\t<\/a>\n\t\t\t\t\t\t\t<a class=\"e-gallery-item elementor-gallery-item elementor-animated-content\" href=\"https:\/\/mero.cz\/wp-content\/uploads\/2021\/03\/rajhrad-untitled-0018.jpg\" data-elementor-open-lightbox=\"yes\" data-elementor-lightbox-slideshow=\"ee66b5e\" data-elementor-lightbox-title=\"The Druzhba Oil Pipeline\" data-elementor-lightbox-description=\"The Druzhba Oil Pipeline \" data-e-action-hash=\"#elementor-action%3Aaction%3Dlightbox%26settings%3DeyJpZCI6MzA5MCwidXJsIjoiaHR0cHM6XC9cL21lcm8uY3pcL3dwLWNvbnRlbnRcL3VwbG9hZHNcLzIwMjFcLzAzXC9yYWpocmFkLXVudGl0bGVkLTAwMTguanBnIiwic2xpZGVzaG93IjoiZWU2NmI1ZSJ9\">\n\t\t\t\t\t<div class=\"e-gallery-image elementor-gallery-item__image\" data-thumbnail=\"https:\/\/mero.cz\/wp-content\/uploads\/2021\/03\/rajhrad-untitled-0018.jpg\" data-width=\"1500\" data-height=\"1000\" aria-label=\"The Druzhba Oil Pipeline\" role=\"img\" ><\/div>\n\t\t\t\t\t\t\t\t\t\t\t<div class=\"elementor-gallery-item__overlay\"><\/div>\n\t\t\t\t\t\t\t\t\t\t\t\t\t\t<\/a>\n\t\t\t\t\t\t\t<a class=\"e-gallery-item elementor-gallery-item elementor-animated-content\" href=\"https:\/\/mero.cz\/wp-content\/uploads\/2021\/03\/untitled-0032.jpg\" data-elementor-open-lightbox=\"yes\" data-elementor-lightbox-slideshow=\"ee66b5e\" data-elementor-lightbox-title=\"The Druzhba Oil Pipeline\" data-elementor-lightbox-description=\"The Druzhba Oil Pipeline \" data-e-action-hash=\"#elementor-action%3Aaction%3Dlightbox%26settings%3DeyJpZCI6MzA5NiwidXJsIjoiaHR0cHM6XC9cL21lcm8uY3pcL3dwLWNvbnRlbnRcL3VwbG9hZHNcLzIwMjFcLzAzXC91bnRpdGxlZC0wMDMyLmpwZyIsInNsaWRlc2hvdyI6ImVlNjZiNWUifQ%3D%3D\">\n\t\t\t\t\t<div class=\"e-gallery-image elementor-gallery-item__image\" data-thumbnail=\"https:\/\/mero.cz\/wp-content\/uploads\/2021\/03\/untitled-0032.jpg\" data-width=\"1500\" data-height=\"1000\" aria-label=\"The Druzhba Oil Pipeline\" role=\"img\" ><\/div>\n\t\t\t\t\t\t\t\t\t\t\t<div class=\"elementor-gallery-item__overlay\"><\/div>\n\t\t\t\t\t\t\t\t\t\t\t\t\t\t<\/a>\n\t\t\t\t\t\t\t<a class=\"e-gallery-item elementor-gallery-item elementor-animated-content\" href=\"https:\/\/mero.cz\/wp-content\/uploads\/2021\/03\/rana-litvinov-untitled-0068.jpg\" data-elementor-open-lightbox=\"yes\" data-elementor-lightbox-slideshow=\"ee66b5e\" data-elementor-lightbox-title=\"The Druzhba Oil Pipeline\" data-elementor-lightbox-description=\"The Druzhba Oil Pipeline \" data-e-action-hash=\"#elementor-action%3Aaction%3Dlightbox%26settings%3DeyJpZCI6MzA5MiwidXJsIjoiaHR0cHM6XC9cL21lcm8uY3pcL3dwLWNvbnRlbnRcL3VwbG9hZHNcLzIwMjFcLzAzXC9yYW5hLWxpdHZpbm92LXVudGl0bGVkLTAwNjguanBnIiwic2xpZGVzaG93IjoiZWU2NmI1ZSJ9\">\n\t\t\t\t\t<div class=\"e-gallery-image elementor-gallery-item__image\" data-thumbnail=\"https:\/\/mero.cz\/wp-content\/uploads\/2021\/03\/rana-litvinov-untitled-0068.jpg\" data-width=\"1500\" data-height=\"1000\" aria-label=\"The Druzhba Oil Pipeline\" role=\"img\" ><\/div>\n\t\t\t\t\t\t\t\t\t\t\t<div class=\"elementor-gallery-item__overlay\"><\/div>\n\t\t\t\t\t\t\t\t\t\t\t\t\t\t<\/a>\n\t\t\t\t\t\t\t<a class=\"e-gallery-item elementor-gallery-item elementor-animated-content\" href=\"https:\/\/mero.cz\/wp-content\/uploads\/2021\/03\/untitled-0034.jpg\" data-elementor-open-lightbox=\"yes\" data-elementor-lightbox-slideshow=\"ee66b5e\" data-elementor-lightbox-title=\"The Druzhba Oil Pipeline\" data-elementor-lightbox-description=\"The Druzhba Oil Pipeline \" data-e-action-hash=\"#elementor-action%3Aaction%3Dlightbox%26settings%3DeyJpZCI6MzA5OCwidXJsIjoiaHR0cHM6XC9cL21lcm8uY3pcL3dwLWNvbnRlbnRcL3VwbG9hZHNcLzIwMjFcLzAzXC91bnRpdGxlZC0wMDM0LmpwZyIsInNsaWRlc2hvdyI6ImVlNjZiNWUifQ%3D%3D\">\n\t\t\t\t\t<div class=\"e-gallery-image elementor-gallery-item__image\" data-thumbnail=\"https:\/\/mero.cz\/wp-content\/uploads\/2021\/03\/untitled-0034.jpg\" data-width=\"1500\" data-height=\"1000\" aria-label=\"The Druzhba Oil Pipeline\" role=\"img\" ><\/div>\n\t\t\t\t\t\t\t\t\t\t\t<div class=\"elementor-gallery-item__overlay\"><\/div>\n\t\t\t\t\t\t\t\t\t\t\t\t\t\t<\/a>\n\t\t\t\t\t\t\t<a class=\"e-gallery-item elementor-gallery-item elementor-animated-content\" href=\"https:\/\/mero.cz\/wp-content\/uploads\/2021\/03\/untitled-0044.jpg\" data-elementor-open-lightbox=\"yes\" data-elementor-lightbox-slideshow=\"ee66b5e\" data-elementor-lightbox-title=\"The Druzhba Oil Pipeline\" data-elementor-lightbox-description=\"The Druzhba Oil Pipeline \" data-e-action-hash=\"#elementor-action%3Aaction%3Dlightbox%26settings%3DeyJpZCI6MzEwMCwidXJsIjoiaHR0cHM6XC9cL21lcm8uY3pcL3dwLWNvbnRlbnRcL3VwbG9hZHNcLzIwMjFcLzAzXC91bnRpdGxlZC0wMDQ0LmpwZyIsInNsaWRlc2hvdyI6ImVlNjZiNWUifQ%3D%3D\">\n\t\t\t\t\t<div class=\"e-gallery-image elementor-gallery-item__image\" data-thumbnail=\"https:\/\/mero.cz\/wp-content\/uploads\/2021\/03\/untitled-0044.jpg\" data-width=\"1500\" data-height=\"1000\" aria-label=\"The Druzhba Oil Pipeline\" role=\"img\" ><\/div>\n\t\t\t\t\t\t\t\t\t\t\t<div class=\"elementor-gallery-item__overlay\"><\/div>\n\t\t\t\t\t\t\t\t\t\t\t\t\t\t<\/a>\n\t\t\t\t\t\t\t<a class=\"e-gallery-item elementor-gallery-item elementor-animated-content\" href=\"https:\/\/mero.cz\/wp-content\/uploads\/2021\/03\/untitled-0063.jpg\" data-elementor-open-lightbox=\"yes\" data-elementor-lightbox-slideshow=\"ee66b5e\" data-elementor-lightbox-title=\"The Druzhba Oil Pipeline\" data-elementor-lightbox-description=\"The Druzhba Oil Pipeline \" data-e-action-hash=\"#elementor-action%3Aaction%3Dlightbox%26settings%3DeyJpZCI6MzEwNiwidXJsIjoiaHR0cHM6XC9cL21lcm8uY3pcL3dwLWNvbnRlbnRcL3VwbG9hZHNcLzIwMjFcLzAzXC91bnRpdGxlZC0wMDYzLmpwZyIsInNsaWRlc2hvdyI6ImVlNjZiNWUifQ%3D%3D\">\n\t\t\t\t\t<div class=\"e-gallery-image elementor-gallery-item__image\" data-thumbnail=\"https:\/\/mero.cz\/wp-content\/uploads\/2021\/03\/untitled-0063.jpg\" data-width=\"1500\" data-height=\"1000\" aria-label=\"The Druzhba Oil Pipeline\" role=\"img\" ><\/div>\n\t\t\t\t\t\t\t\t\t\t\t<div class=\"elementor-gallery-item__overlay\"><\/div>\n\t\t\t\t\t\t\t\t\t\t\t\t\t\t<\/a>\n\t\t\t\t\t\t\t<a class=\"e-gallery-item elementor-gallery-item elementor-animated-content\" href=\"https:\/\/mero.cz\/wp-content\/uploads\/2021\/03\/untitled-0050.jpg\" data-elementor-open-lightbox=\"yes\" data-elementor-lightbox-slideshow=\"ee66b5e\" data-elementor-lightbox-title=\"The Druzhba Oil Pipeline\" data-elementor-lightbox-description=\"The Druzhba Oil Pipeline \" data-e-action-hash=\"#elementor-action%3Aaction%3Dlightbox%26settings%3DeyJpZCI6MzEwMiwidXJsIjoiaHR0cHM6XC9cL21lcm8uY3pcL3dwLWNvbnRlbnRcL3VwbG9hZHNcLzIwMjFcLzAzXC91bnRpdGxlZC0wMDUwLmpwZyIsInNsaWRlc2hvdyI6ImVlNjZiNWUifQ%3D%3D\">\n\t\t\t\t\t<div class=\"e-gallery-image elementor-gallery-item__image\" data-thumbnail=\"https:\/\/mero.cz\/wp-content\/uploads\/2021\/03\/untitled-0050.jpg\" data-width=\"1500\" data-height=\"1000\" aria-label=\"The Druzhba Oil Pipeline\" role=\"img\" ><\/div>\n\t\t\t\t\t\t\t\t\t\t\t<div class=\"elementor-gallery-item__overlay\"><\/div>\n\t\t\t\t\t\t\t\t\t\t\t\t\t\t<\/a>\n\t\t\t\t\t\t\t<a class=\"e-gallery-item elementor-gallery-item elementor-animated-content\" href=\"https:\/\/mero.cz\/wp-content\/uploads\/2021\/03\/untitled-0076.jpg\" data-elementor-open-lightbox=\"yes\" data-elementor-lightbox-slideshow=\"ee66b5e\" data-elementor-lightbox-title=\"The Druzhba Oil Pipeline\" data-elementor-lightbox-description=\"The Druzhba Oil Pipeline \" data-e-action-hash=\"#elementor-action%3Aaction%3Dlightbox%26settings%3DeyJpZCI6MzExMiwidXJsIjoiaHR0cHM6XC9cL21lcm8uY3pcL3dwLWNvbnRlbnRcL3VwbG9hZHNcLzIwMjFcLzAzXC91bnRpdGxlZC0wMDc2LmpwZyIsInNsaWRlc2hvdyI6ImVlNjZiNWUifQ%3D%3D\">\n\t\t\t\t\t<div class=\"e-gallery-image elementor-gallery-item__image\" data-thumbnail=\"https:\/\/mero.cz\/wp-content\/uploads\/2021\/03\/untitled-0076.jpg\" data-width=\"1500\" data-height=\"1000\" aria-label=\"The Druzhba Oil Pipeline\" role=\"img\" ><\/div>\n\t\t\t\t\t\t\t\t\t\t\t<div class=\"elementor-gallery-item__overlay\"><\/div>\n\t\t\t\t\t\t\t\t\t\t\t\t\t\t<\/a>\n\t\t\t\t\t\t\t<a class=\"e-gallery-item elementor-gallery-item elementor-animated-content\" href=\"https:\/\/mero.cz\/wp-content\/uploads\/2021\/03\/untitled-0056.jpg\" data-elementor-open-lightbox=\"yes\" data-elementor-lightbox-slideshow=\"ee66b5e\" data-elementor-lightbox-title=\"The Druzhba Oil Pipeline\" data-elementor-lightbox-description=\"The Druzhba Oil Pipeline \" data-e-action-hash=\"#elementor-action%3Aaction%3Dlightbox%26settings%3DeyJpZCI6MzEwNCwidXJsIjoiaHR0cHM6XC9cL21lcm8uY3pcL3dwLWNvbnRlbnRcL3VwbG9hZHNcLzIwMjFcLzAzXC91bnRpdGxlZC0wMDU2LmpwZyIsInNsaWRlc2hvdyI6ImVlNjZiNWUifQ%3D%3D\">\n\t\t\t\t\t<div class=\"e-gallery-image elementor-gallery-item__image\" data-thumbnail=\"https:\/\/mero.cz\/wp-content\/uploads\/2021\/03\/untitled-0056.jpg\" data-width=\"1500\" data-height=\"1000\" aria-label=\"The Druzhba Oil Pipeline\" role=\"img\" ><\/div>\n\t\t\t\t\t\t\t\t\t\t\t<div class=\"elementor-gallery-item__overlay\"><\/div>\n\t\t\t\t\t\t\t\t\t\t\t\t\t\t<\/a>\n\t\t\t\t\t\t\t<a class=\"e-gallery-item elementor-gallery-item elementor-animated-content\" href=\"https:\/\/mero.cz\/wp-content\/uploads\/2021\/03\/untitled-0030.jpg\" data-elementor-open-lightbox=\"yes\" data-elementor-lightbox-slideshow=\"ee66b5e\" data-elementor-lightbox-title=\"The Druzhba Oil Pipeline\" data-elementor-lightbox-description=\"The Druzhba Oil Pipeline \" data-e-action-hash=\"#elementor-action%3Aaction%3Dlightbox%26settings%3DeyJpZCI6MzU5MiwidXJsIjoiaHR0cHM6XC9cL21lcm8uY3pcL3dwLWNvbnRlbnRcL3VwbG9hZHNcLzIwMjFcLzAzXC91bnRpdGxlZC0wMDMwLmpwZyIsInNsaWRlc2hvdyI6ImVlNjZiNWUifQ%3D%3D\">\n\t\t\t\t\t<div class=\"e-gallery-image elementor-gallery-item__image\" data-thumbnail=\"https:\/\/mero.cz\/wp-content\/uploads\/2021\/03\/untitled-0030.jpg\" data-width=\"1500\" data-height=\"1000\" aria-label=\"The Druzhba Oil Pipeline\" role=\"img\" ><\/div>\n\t\t\t\t\t\t\t\t\t\t\t<div class=\"elementor-gallery-item__overlay\"><\/div>\n\t\t\t\t\t\t\t\t\t\t\t\t\t\t<\/a>\n\t\t\t\t\t<\/div>\n\t\t\t\t\t<\/div>\n\t\t\t\t<\/div>\n\t\t\t\t\t<\/div>\n\t\t<\/div>\n\t\t\t\t\t<\/div>\n\t\t<\/section>\n\t\t\t\t<\/div>\n\t\t","protected":false},"excerpt":{"rendered":"<p>With a length of over 5,000 km, the Druzhba oil pipeline is the longest oil pipeline in the world. In 1962, it was led to Bratislava to what was then Czechoslovakia and in 1965 it was extended to Z\u00e1lu\u017e\u00ed u Mostu. By 1989, the then Czechoslovakia imported up to 18 million tons of oil a [&hellip;]<\/p>\n","protected":false},"author":1,"featured_media":0,"parent":3892,"menu_order":0,"comment_status":"closed","ping_status":"closed","template":"","meta":{"_acf_changed":false,"footnotes":""},"class_list":["post-3872","page","type-page","status-publish","hentry"],"acf":[],"_links":{"self":[{"href":"https:\/\/mero.cz\/en\/wp-json\/wp\/v2\/pages\/3872","targetHints":{"allow":["GET"]}}],"collection":[{"href":"https:\/\/mero.cz\/en\/wp-json\/wp\/v2\/pages"}],"about":[{"href":"https:\/\/mero.cz\/en\/wp-json\/wp\/v2\/types\/page"}],"author":[{"embeddable":true,"href":"https:\/\/mero.cz\/en\/wp-json\/wp\/v2\/users\/1"}],"replies":[{"embeddable":true,"href":"https:\/\/mero.cz\/en\/wp-json\/wp\/v2\/comments?post=3872"}],"version-history":[{"count":14,"href":"https:\/\/mero.cz\/en\/wp-json\/wp\/v2\/pages\/3872\/revisions"}],"predecessor-version":[{"id":4016,"href":"https:\/\/mero.cz\/en\/wp-json\/wp\/v2\/pages\/3872\/revisions\/4016"}],"up":[{"embeddable":true,"href":"https:\/\/mero.cz\/en\/wp-json\/wp\/v2\/pages\/3892"}],"wp:attachment":[{"href":"https:\/\/mero.cz\/en\/wp-json\/wp\/v2\/media?parent=3872"}],"curies":[{"name":"wp","href":"https:\/\/api.w.org\/{rel}","templated":true}]}}