{"id":4007,"date":"2021-04-06T12:28:52","date_gmt":"2021-04-06T10:28:52","guid":{"rendered":"https:\/\/mero.cz\/operation\/the-druzba-crude-oil-pipeline\/history-of-construction\/"},"modified":"2021-04-06T12:43:48","modified_gmt":"2021-04-06T10:43:48","slug":"history-of-construction","status":"publish","type":"page","link":"https:\/\/mero.cz\/en\/operation\/the-druzba-crude-oil-pipeline\/history-of-construction\/","title":{"rendered":"History of construction"},"content":{"rendered":"\t\t<div data-elementor-type=\"wp-page\" data-elementor-id=\"4007\" class=\"elementor elementor-4007 elementor-1112\" data-elementor-post-type=\"page\">\n\t\t\t\t\t\t<section class=\"elementor-section elementor-top-section elementor-element elementor-element-2e4137c elementor-section-boxed elementor-section-height-default elementor-section-height-default\" data-id=\"2e4137c\" data-element_type=\"section\" data-e-type=\"section\">\n\t\t\t\t\t\t<div class=\"elementor-container elementor-column-gap-default\">\n\t\t\t\t\t<div class=\"elementor-column elementor-col-100 elementor-top-column elementor-element elementor-element-1adc00e\" data-id=\"1adc00e\" data-element_type=\"column\" data-e-type=\"column\">\n\t\t\t<div class=\"elementor-widget-wrap elementor-element-populated\">\n\t\t\t\t\t\t<div class=\"elementor-element elementor-element-c81eebf elementor-widget elementor-widget-html\" data-id=\"c81eebf\" data-element_type=\"widget\" data-e-type=\"widget\" data-widget_type=\"html.default\">\n\t\t\t\t<div class=\"elementor-widget-container\">\n\t\t\t\t\t\n<table id=\"tablepress-16\" class=\"tablepress tablepress-id-16\">\n<thead>\n<tr class=\"row-1\">\n\t<th class=\"column-1\">Pipe dimension<\/th><th class=\"column-2\">Section<\/th><th class=\"column-3\">Year<\/th>\n<\/tr>\n<\/thead>\n<tbody class=\"row-striping row-hover\">\n<tr class=\"row-2\">\n\t<td class=\"column-1\">DN 500\t<\/td><td class=\"column-2\">Hodon\u00edn - Klobouky<\/td><td class=\"column-3\">1965<\/td>\n<\/tr>\n<tr class=\"row-3\">\n\t<td class=\"column-1\"><\/td><td class=\"column-2\">Klobouky - Velk\u00e1 B\u00edte\u0161<\/td><td class=\"column-3\">1965<\/td>\n<\/tr>\n<tr class=\"row-4\">\n\t<td class=\"column-1\"><\/td><td class=\"column-2\">Velk\u00e1 B\u00edte\u0161 - \u0160lapanov<\/td><td class=\"column-3\">1965<\/td>\n<\/tr>\n<tr class=\"row-5\">\n\t<td class=\"column-1\"><\/td><td class=\"column-2\">\u0160lapanov - Nov\u00e9 M\u011bsto<\/td><td class=\"column-3\">1964<\/td>\n<\/tr>\n<tr class=\"row-6\">\n\t<td class=\"column-1\"><\/td><td class=\"column-2\">Nov\u00e9 M\u011bsto - Mst\u011btice<\/td><td class=\"column-3\">1971<\/td>\n<\/tr>\n<tr class=\"row-7\">\n\t<td class=\"column-1\"><\/td><td class=\"column-2\">Mst\u011btice - Kralupy nad Vlt.<\/td><td class=\"column-3\">1972<\/td>\n<\/tr>\n<tr class=\"row-8\">\n\t<td class=\"column-1\"><\/td><td class=\"column-2\">Kralupy nad Vlt. - Litv\u00ednov<\/td><td class=\"column-3\">1980<\/td>\n<\/tr>\n<tr class=\"row-9\">\n\t<td class=\"column-1\">DN 200***<\/td><td class=\"column-2\">Pot\u011bhy - Paramo<\/td><td class=\"column-3\">1970<\/td>\n<\/tr>\n<tr class=\"row-10\">\n\t<td class=\"column-1\">DN 150*<\/td><td class=\"column-2\">K\u0159e\u010dho\u0159 - Koramo<\/td><td class=\"column-3\">1966<\/td>\n<\/tr>\n<tr class=\"row-11\">\n\t<td class=\"column-1\">DN 300**\t<\/td><td class=\"column-2\">Mst\u011btice - Roudnice nad L.<\/td><td class=\"column-3\">1944<\/td>\n<\/tr>\n<tr class=\"row-12\">\n\t<td class=\"column-1\"><\/td><td class=\"column-2\">Nov\u00e9 M\u011bsto - Mst\u011btice<\/td><td class=\"column-3\">1964<\/td>\n<\/tr>\n<tr class=\"row-13\">\n\t<td class=\"column-1\"><\/td><td class=\"column-2\">Hn\u011bvice - Litv\u00ednov incl. Stelno - Litv\u00ednov DN 250<\/td><td class=\"column-3\">1961<\/td>\n<\/tr>\n<tr class=\"row-14\">\n\t<td class=\"column-1\">2 x DN 200*<\/td><td class=\"column-2\">Hn\u011bvice \u2013 Litv\u00ednov incl. 1 x DN 200 used shortly for crude oil<\/td><td class=\"column-3\">1944<\/td>\n<\/tr>\n<tr class=\"row-15\">\n\t<td class=\"column-1\">IR\u010c<\/td><td class=\"column-2\"><\/td><td class=\"column-3\"><\/td>\n<\/tr>\n<tr class=\"row-16\">\n\t<td class=\"column-1\">DN 700<\/td><td class=\"column-2\">Holasice - Omice<\/td><td class=\"column-3\">1980<\/td>\n<\/tr>\n<tr class=\"row-17\">\n\t<td class=\"column-1\">DN 500<\/td><td class=\"column-2\">Omice - Velk\u00e1 B\u00edte\u0161<\/td><td class=\"column-3\">1979<\/td>\n<\/tr>\n<tr class=\"row-18\">\n\t<td class=\"column-1\"><\/td><td class=\"column-2\">Velk\u00e1 B\u00edte\u0161 - \u0160lapanov<\/td><td class=\"column-3\">1980<\/td>\n<\/tr>\n<tr class=\"row-19\">\n\t<td class=\"column-1\">Propoje<\/td><td class=\"column-2\"><\/td><td class=\"column-3\"><\/td>\n<\/tr>\n<tr class=\"row-20\">\n\t<td class=\"column-1\">2 x DN 300*<\/td><td class=\"column-2\">Sv\u00e9myslice - D\u0159ev\u010dice<\/td><td class=\"column-3\">1971<\/td>\n<\/tr>\n<tr class=\"row-21\">\n\t<td class=\"column-1\">DN 500<\/td><td class=\"column-2\">Sv\u00e9myslice - D\u0159ev\u010dice<\/td><td class=\"column-3\">1975<\/td>\n<\/tr>\n<tr class=\"row-22\">\n\t<td class=\"column-1\">Branch pipe**<\/td><td class=\"column-2\">Mst\u011btice (near railway line) between DN 300 and DN 500<\/td><td class=\"column-3\">1971<\/td>\n<\/tr>\n<tr class=\"row-23\">\n\t<td class=\"column-1\"><\/td><td class=\"column-2\">DN 300\t<\/td><td class=\"column-3\"><\/td>\n<\/tr>\n<tr class=\"row-24\">\n\t<td class=\"column-1\"><\/td><td class=\"column-2\">D\u011bdibaby - Kau\u010duk<\/td><td class=\"column-3\">1973<\/td>\n<\/tr>\n<tr class=\"row-25\">\n\t<td class=\"column-1\">Note:<br \/>\n* put out of operation<br \/>\n** sold<br \/>\n*** is no longer used as a crude oil pipeline<\/td><td class=\"column-2\"><\/td><td class=\"column-3\"><\/td>\n<\/tr>\n<\/tbody>\n<\/table>\n\t\t\t\t<\/div>\n\t\t\t\t<\/div>\n\t\t\t\t\t<\/div>\n\t\t<\/div>\n\t\t\t\t\t<\/div>\n\t\t<\/section>\n\t\t\t\t<section class=\"elementor-section elementor-top-section elementor-element elementor-element-36e3d9c elementor-section-boxed elementor-section-height-default elementor-section-height-default\" data-id=\"36e3d9c\" data-element_type=\"section\" data-e-type=\"section\">\n\t\t\t\t\t\t<div class=\"elementor-container elementor-column-gap-default\">\n\t\t\t\t\t<div class=\"elementor-column elementor-col-100 elementor-top-column elementor-element elementor-element-0426bbf\" data-id=\"0426bbf\" data-element_type=\"column\" data-e-type=\"column\">\n\t\t\t<div class=\"elementor-widget-wrap elementor-element-populated\">\n\t\t\t\t\t\t<div class=\"elementor-element elementor-element-1439237 elementor-widget-divider--view-line elementor-widget elementor-widget-divider\" data-id=\"1439237\" data-element_type=\"widget\" data-e-type=\"widget\" data-widget_type=\"divider.default\">\n\t\t\t\t<div class=\"elementor-widget-container\">\n\t\t\t\t\t\t\t<div class=\"elementor-divider\">\n\t\t\t<span class=\"elementor-divider-separator\">\n\t\t\t\t\t\t<\/span>\n\t\t<\/div>\n\t\t\t\t\t\t<\/div>\n\t\t\t\t<\/div>\n\t\t\t\t\t<\/div>\n\t\t<\/div>\n\t\t\t\t\t<\/div>\n\t\t<\/section>\n\t\t\t\t<section class=\"elementor-section elementor-top-section elementor-element elementor-element-ece4d96 elementor-section-boxed elementor-section-height-default elementor-section-height-default\" data-id=\"ece4d96\" data-element_type=\"section\" data-e-type=\"section\">\n\t\t\t\t\t\t<div class=\"elementor-container elementor-column-gap-default\">\n\t\t\t\t\t<div class=\"elementor-column elementor-col-100 elementor-top-column elementor-element elementor-element-462bf8b\" data-id=\"462bf8b\" data-element_type=\"column\" data-e-type=\"column\">\n\t\t\t<div class=\"elementor-widget-wrap elementor-element-populated\">\n\t\t\t\t\t\t<div class=\"elementor-element elementor-element-c62750d elementor-widget elementor-widget-gallery\" data-id=\"c62750d\" data-element_type=\"widget\" data-e-type=\"widget\" data-settings=\"{&quot;columns&quot;:5,&quot;lazyload&quot;:&quot;yes&quot;,&quot;gallery_layout&quot;:&quot;grid&quot;,&quot;columns_tablet&quot;:2,&quot;columns_mobile&quot;:1,&quot;gap&quot;:{&quot;unit&quot;:&quot;px&quot;,&quot;size&quot;:10,&quot;sizes&quot;:[]},&quot;gap_tablet&quot;:{&quot;unit&quot;:&quot;px&quot;,&quot;size&quot;:10,&quot;sizes&quot;:[]},&quot;gap_mobile&quot;:{&quot;unit&quot;:&quot;px&quot;,&quot;size&quot;:10,&quot;sizes&quot;:[]},&quot;link_to&quot;:&quot;file&quot;,&quot;aspect_ratio&quot;:&quot;3:2&quot;,&quot;overlay_background&quot;:&quot;yes&quot;,&quot;content_hover_animation&quot;:&quot;fade-in&quot;}\" data-widget_type=\"gallery.default\">\n\t\t\t\t<div class=\"elementor-widget-container\">\n\t\t\t\t\t\t\t<div class=\"elementor-gallery__container\">\n\t\t\t\t\t\t\t<a class=\"e-gallery-item elementor-gallery-item elementor-animated-content\" href=\"https:\/\/mero.cz\/wp-content\/uploads\/2021\/01\/druzba-foto5-big-e1652186289559.jpg\" data-elementor-open-lightbox=\"yes\" data-elementor-lightbox-slideshow=\"c62750d\" data-elementor-lightbox-title=\"Historie v\u00fdstavby\" data-e-action-hash=\"#elementor-action%3Aaction%3Dlightbox%26settings%3DeyJpZCI6MTI2MCwidXJsIjoiaHR0cHM6XC9cL21lcm8uY3pcL3dwLWNvbnRlbnRcL3VwbG9hZHNcLzIwMjFcLzAxXC9kcnV6YmEtZm90bzUtYmlnLWUxNjUyMTg2Mjg5NTU5LmpwZyIsInNsaWRlc2hvdyI6ImM2Mjc1MGQifQ%3D%3D\">\n\t\t\t\t\t<div class=\"e-gallery-image elementor-gallery-item__image\" data-thumbnail=\"https:\/\/mero.cz\/wp-content\/uploads\/2021\/01\/druzba-foto5-big-300x272.jpg\" data-width=\"300\" data-height=\"272\" aria-label=\"\" role=\"img\" ><\/div>\n\t\t\t\t\t\t\t\t\t\t\t<div class=\"elementor-gallery-item__overlay\"><\/div>\n\t\t\t\t\t\t\t\t\t\t\t\t\t\t<\/a>\n\t\t\t\t\t\t\t<a class=\"e-gallery-item elementor-gallery-item elementor-animated-content\" href=\"https:\/\/mero.cz\/wp-content\/uploads\/2021\/01\/druzba-foto4-big.jpg\" data-elementor-open-lightbox=\"yes\" data-elementor-lightbox-slideshow=\"c62750d\" data-elementor-lightbox-title=\"Historie v\u00fdstavby\" data-e-action-hash=\"#elementor-action%3Aaction%3Dlightbox%26settings%3DeyJpZCI6MTI1OCwidXJsIjoiaHR0cHM6XC9cL21lcm8uY3pcL3dwLWNvbnRlbnRcL3VwbG9hZHNcLzIwMjFcLzAxXC9kcnV6YmEtZm90bzQtYmlnLmpwZyIsInNsaWRlc2hvdyI6ImM2Mjc1MGQifQ%3D%3D\">\n\t\t\t\t\t<div class=\"e-gallery-image elementor-gallery-item__image\" data-thumbnail=\"https:\/\/mero.cz\/wp-content\/uploads\/2021\/01\/druzba-foto4-big-253x300.jpg\" data-width=\"253\" data-height=\"300\" aria-label=\"\" role=\"img\" ><\/div>\n\t\t\t\t\t\t\t\t\t\t\t<div class=\"elementor-gallery-item__overlay\"><\/div>\n\t\t\t\t\t\t\t\t\t\t\t\t\t\t<\/a>\n\t\t\t\t\t\t\t<a class=\"e-gallery-item elementor-gallery-item elementor-animated-content\" href=\"https:\/\/mero.cz\/wp-content\/uploads\/2021\/01\/druzba-foto3-big.jpg\" data-elementor-open-lightbox=\"yes\" data-elementor-lightbox-slideshow=\"c62750d\" data-elementor-lightbox-title=\"Historie v\u00fdstavby\" data-e-action-hash=\"#elementor-action%3Aaction%3Dlightbox%26settings%3DeyJpZCI6MTI1NiwidXJsIjoiaHR0cHM6XC9cL21lcm8uY3pcL3dwLWNvbnRlbnRcL3VwbG9hZHNcLzIwMjFcLzAxXC9kcnV6YmEtZm90bzMtYmlnLmpwZyIsInNsaWRlc2hvdyI6ImM2Mjc1MGQifQ%3D%3D\">\n\t\t\t\t\t<div class=\"e-gallery-image elementor-gallery-item__image\" data-thumbnail=\"https:\/\/mero.cz\/wp-content\/uploads\/2021\/01\/druzba-foto3-big-300x266.jpg\" data-width=\"300\" data-height=\"266\" aria-label=\"\" role=\"img\" ><\/div>\n\t\t\t\t\t\t\t\t\t\t\t<div class=\"elementor-gallery-item__overlay\"><\/div>\n\t\t\t\t\t\t\t\t\t\t\t\t\t\t<\/a>\n\t\t\t\t\t\t\t<a class=\"e-gallery-item elementor-gallery-item elementor-animated-content\" href=\"https:\/\/mero.cz\/wp-content\/uploads\/2021\/01\/druzba-foto2-big.jpg\" data-elementor-open-lightbox=\"yes\" data-elementor-lightbox-slideshow=\"c62750d\" data-elementor-lightbox-title=\"Historie v\u00fdstavby\" data-e-action-hash=\"#elementor-action%3Aaction%3Dlightbox%26settings%3DeyJpZCI6MTI1NCwidXJsIjoiaHR0cHM6XC9cL21lcm8uY3pcL3dwLWNvbnRlbnRcL3VwbG9hZHNcLzIwMjFcLzAxXC9kcnV6YmEtZm90bzItYmlnLmpwZyIsInNsaWRlc2hvdyI6ImM2Mjc1MGQifQ%3D%3D\">\n\t\t\t\t\t<div class=\"e-gallery-image elementor-gallery-item__image\" data-thumbnail=\"https:\/\/mero.cz\/wp-content\/uploads\/2021\/01\/druzba-foto2-big-228x300.jpg\" data-width=\"228\" data-height=\"300\" aria-label=\"\" role=\"img\" ><\/div>\n\t\t\t\t\t\t\t\t\t\t\t<div class=\"elementor-gallery-item__overlay\"><\/div>\n\t\t\t\t\t\t\t\t\t\t\t\t\t\t<\/a>\n\t\t\t\t\t\t\t<a class=\"e-gallery-item elementor-gallery-item elementor-animated-content\" href=\"https:\/\/mero.cz\/wp-content\/uploads\/2021\/01\/druzba-foto1-big.jpg\" data-elementor-open-lightbox=\"yes\" data-elementor-lightbox-slideshow=\"c62750d\" data-elementor-lightbox-title=\"Historie v\u00fdstavby\" data-e-action-hash=\"#elementor-action%3Aaction%3Dlightbox%26settings%3DeyJpZCI6MTI1MiwidXJsIjoiaHR0cHM6XC9cL21lcm8uY3pcL3dwLWNvbnRlbnRcL3VwbG9hZHNcLzIwMjFcLzAxXC9kcnV6YmEtZm90bzEtYmlnLmpwZyIsInNsaWRlc2hvdyI6ImM2Mjc1MGQifQ%3D%3D\">\n\t\t\t\t\t<div class=\"e-gallery-image elementor-gallery-item__image\" data-thumbnail=\"https:\/\/mero.cz\/wp-content\/uploads\/2021\/01\/druzba-foto1-big-300x222.jpg\" data-width=\"300\" data-height=\"222\" aria-label=\"\" role=\"img\" ><\/div>\n\t\t\t\t\t\t\t\t\t\t\t<div class=\"elementor-gallery-item__overlay\"><\/div>\n\t\t\t\t\t\t\t\t\t\t\t\t\t\t<\/a>\n\t\t\t\t\t<\/div>\n\t\t\t\t\t<\/div>\n\t\t\t\t<\/div>\n\t\t\t\t\t<\/div>\n\t\t<\/div>\n\t\t\t\t\t<\/div>\n\t\t<\/section>\n\t\t\t\t<\/div>\n\t\t","protected":false},"excerpt":{"rendered":"","protected":false},"author":1,"featured_media":0,"parent":3872,"menu_order":0,"comment_status":"closed","ping_status":"closed","template":"","meta":{"_acf_changed":false,"footnotes":""},"class_list":["post-4007","page","type-page","status-publish","hentry"],"acf":[],"_links":{"self":[{"href":"https:\/\/mero.cz\/en\/wp-json\/wp\/v2\/pages\/4007","targetHints":{"allow":["GET"]}}],"collection":[{"href":"https:\/\/mero.cz\/en\/wp-json\/wp\/v2\/pages"}],"about":[{"href":"https:\/\/mero.cz\/en\/wp-json\/wp\/v2\/types\/page"}],"author":[{"embeddable":true,"href":"https:\/\/mero.cz\/en\/wp-json\/wp\/v2\/users\/1"}],"replies":[{"embeddable":true,"href":"https:\/\/mero.cz\/en\/wp-json\/wp\/v2\/comments?post=4007"}],"version-history":[{"count":4,"href":"https:\/\/mero.cz\/en\/wp-json\/wp\/v2\/pages\/4007\/revisions"}],"predecessor-version":[{"id":4027,"href":"https:\/\/mero.cz\/en\/wp-json\/wp\/v2\/pages\/4007\/revisions\/4027"}],"up":[{"embeddable":true,"href":"https:\/\/mero.cz\/en\/wp-json\/wp\/v2\/pages\/3872"}],"wp:attachment":[{"href":"https:\/\/mero.cz\/en\/wp-json\/wp\/v2\/media?parent=4007"}],"curies":[{"name":"wp","href":"https:\/\/api.w.org\/{rel}","templated":true}]}}