{"id":7641,"date":"2024-05-06T15:37:07","date_gmt":"2024-05-06T13:37:07","guid":{"rendered":"https:\/\/mero.cz\/contact-information\/"},"modified":"2024-05-06T15:37:13","modified_gmt":"2024-05-06T13:37:13","slug":"contact-information-3","status":"publish","type":"page","link":"https:\/\/mero.cz\/en\/contact-information-3\/","title":{"rendered":"Contact Information"},"content":{"rendered":"\t\t<div data-elementor-type=\"wp-page\" data-elementor-id=\"7641\" class=\"elementor elementor-7641 elementor-7640\" data-elementor-post-type=\"page\">\n\t\t\t\t\t\t<section class=\"elementor-section elementor-top-section elementor-element elementor-element-8813678 elementor-section-boxed elementor-section-height-default elementor-section-height-default\" data-id=\"8813678\" data-element_type=\"section\">\n\t\t\t\t\t\t<div class=\"elementor-container elementor-column-gap-default\">\n\t\t\t\t\t<div class=\"elementor-column elementor-col-100 elementor-top-column elementor-element elementor-element-6ec6af4\" data-id=\"6ec6af4\" data-element_type=\"column\">\n\t\t\t<div class=\"elementor-widget-wrap elementor-element-populated\">\n\t\t\t\t\t\t<div class=\"elementor-element elementor-element-3b0f0ac elementor-widget elementor-widget-heading\" data-id=\"3b0f0ac\" data-element_type=\"widget\" data-widget_type=\"heading.default\">\n\t\t\t\t<div class=\"elementor-widget-container\">\n\t\t\t\t\t<h4 class=\"elementor-heading-title elementor-size-default\">MERO \u010cR, a.s<\/h4>\t\t\t\t<\/div>\n\t\t\t\t<\/div>\n\t\t\t\t<div class=\"elementor-element elementor-element-63767cf elementor-widget elementor-widget-text-editor\" data-id=\"63767cf\" data-element_type=\"widget\" data-widget_type=\"text-editor.default\">\n\t\t\t\t<div class=\"elementor-widget-container\">\n\t\t\t\t\t\t\t\t\t<p>registered in the Commercial Register kept at the Municipal Court in Prague, Section B, insert 2334<\/p>\n<p>Veltrusk\u00e1 748<br \/>\n<span style=\"background-color: var( --e-global-color-440cb49 ); color: var( --e-global-color-1215cce ); font-size: 1rem;\">278 01 Kralupy nad Vltavou<br \/>\n<\/span><span style=\"background-color: var( --e-global-color-440cb49 ); color: var( --e-global-color-1215cce ); font-size: 1rem;\">Czech republic<\/span><\/p>\n<p>I\u010c: 601 93 468<\/p>\n\t\t\t\t\t\t\t\t<\/div>\n\t\t\t\t<\/div>\n\t\t\t\t<div class=\"elementor-element elementor-element-26fd77d elementor-position-left elementor-view-default elementor-mobile-position-top elementor-widget elementor-widget-icon-box\" data-id=\"26fd77d\" data-element_type=\"widget\" data-widget_type=\"icon-box.default\">\n\t\t\t\t<div class=\"elementor-widget-container\">\n\t\t\t\t\t\t\t<div class=\"elementor-icon-box-wrapper\">\n\n\t\t\t\t\t\t<div class=\"elementor-icon-box-icon\">\n\t\t\t\t<a href=\"mailto:info@mero.cz\" class=\"elementor-icon\" tabindex=\"-1\" aria-label=\"info@mero.cz\">\n\t\t\t\t<svg xmlns=\"http:\/\/www.w3.org\/2000\/svg\" xmlns:xlink=\"http:\/\/www.w3.org\/1999\/xlink\" id=\"Vrstva_4_kopie_13\" x=\"0px\" y=\"0px\" viewBox=\"0 0 64.9 64.9\" style=\"enable-background:new 0 0 64.9 64.9;\" xml:space=\"preserve\"> <style type=\"text\/css\"> .st0{fill:#008DCE;} <\/style> <g> <path class=\"st0\" d=\"M43.7,38.9c0,1.1,0.2,1.8,0.5,2.2c0.3,0.4,0.9,0.6,1.7,0.6c1.7,0,3.1-1.1,4.2-3.1c1-2.1,1.6-5,1.6-8.6 c0-3.7-0.8-6.8-2.5-9.4c-1.6-2.4-3.8-4.3-6.7-5.6c-2.7-1.2-5.8-1.8-9.4-1.8c-3.6,0-6.9,0.8-9.9,2.4c-3.1,1.6-5.6,3.9-7.4,6.9 c-1.9,3.2-2.9,6.9-2.9,11.2c0,4.2,0.9,7.8,2.6,10.8c1.7,2.9,4.2,5.2,7.4,6.7c3.2,1.5,6.9,2.3,11.3,2.3c2.2,0,4.2-0.1,5.9-0.4 s3.7-0.8,5.9-1.5l0.9,4c-3.7,1.2-8,1.9-12.8,1.9c-5.6,0-10.3-1-14.3-3c-3.8-1.9-6.8-4.6-8.8-8.1c-2-3.5-3-7.7-3-12.5 c0-4.8,1.1-9,3.2-12.8c2.1-3.6,5-6.5,8.9-8.5c3.8-2.1,8.1-3.1,12.8-3.1c4.9,0,9.1,0.9,12.7,2.8c3.4,1.7,5.9,4.1,7.8,7.2 c1.8,3,2.7,6.4,2.7,10.1c0,11-4.1,16.5-12.2,16.5c-2.2,0-3.9-0.4-5.1-1.3c-1.3-0.9-2-2.3-2.2-4.1c-0.5,2-1.5,3.4-2.8,4.2 c-1.2,0.8-2.9,1.1-5,1.1c-1.8,0-3.4-0.4-4.8-1.3c-1.5-0.9-2.7-2.3-3.5-4c-0.9-1.9-1.3-4.2-1.3-6.8c0-4.1,0.9-7.3,2.8-9.7 c1.9-2.4,4.5-3.5,7.9-3.5c1.8,0,3.2,0.3,4.5,1c1.1,0.6,2,1.5,2.5,2.7l1.8-3.2h5V38.9z M36.4,30.9c0-1.5-0.5-2.7-1.5-3.5 c-0.8-0.7-1.8-1.1-3-1.1c-1.3,0-2.4,0.5-3.2,1.5c-1,1.2-1.5,3.1-1.5,5.5c0,2.1,0.4,3.7,1.3,4.8s2,1.7,3.4,1.7c1.2,0,2.2-0.4,3-1.1 c1-0.9,1.5-2.1,1.5-3.7V30.9z\"><\/path> <\/g> <\/svg>\t\t\t\t<\/a>\n\t\t\t<\/div>\n\t\t\t\n\t\t\t\t\t\t<div class=\"elementor-icon-box-content\">\n\n\t\t\t\t\t\t\t\t\t<h2 class=\"elementor-icon-box-title\">\n\t\t\t\t\t\t<a href=\"mailto:info@mero.cz\" >\n\t\t\t\t\t\t\tinfo@mero.cz\t\t\t\t\t\t<\/a>\n\t\t\t\t\t<\/h2>\n\t\t\t\t\n\t\t\t\t\n\t\t\t<\/div>\n\t\t\t\n\t\t<\/div>\n\t\t\t\t\t\t<\/div>\n\t\t\t\t<\/div>\n\t\t\t\t\t<\/div>\n\t\t<\/div>\n\t\t\t\t\t<\/div>\n\t\t<\/section>\n\t\t\t\t<\/div>\n\t\t","protected":false},"excerpt":{"rendered":"<p>MERO \u010cR, a.s registered in the Commercial Register kept at the Municipal Court in Prague, Section B, insert 2334 Veltrusk\u00e1 748 278 01 Kralupy nad Vltavou Czech republic I\u010c: 601 93 468 info@mero.cz<\/p>\n","protected":false},"author":1,"featured_media":0,"parent":0,"menu_order":0,"comment_status":"closed","ping_status":"closed","template":"","meta":{"_acf_changed":false,"footnotes":""},"class_list":["post-7641","page","type-page","status-publish","hentry"],"acf":[],"_links":{"self":[{"href":"https:\/\/mero.cz\/en\/wp-json\/wp\/v2\/pages\/7641","targetHints":{"allow":["GET"]}}],"collection":[{"href":"https:\/\/mero.cz\/en\/wp-json\/wp\/v2\/pages"}],"about":[{"href":"https:\/\/mero.cz\/en\/wp-json\/wp\/v2\/types\/page"}],"author":[{"embeddable":true,"href":"https:\/\/mero.cz\/en\/wp-json\/wp\/v2\/users\/1"}],"replies":[{"embeddable":true,"href":"https:\/\/mero.cz\/en\/wp-json\/wp\/v2\/comments?post=7641"}],"version-history":[{"count":1,"href":"https:\/\/mero.cz\/en\/wp-json\/wp\/v2\/pages\/7641\/revisions"}],"predecessor-version":[{"id":7642,"href":"https:\/\/mero.cz\/en\/wp-json\/wp\/v2\/pages\/7641\/revisions\/7642"}],"wp:attachment":[{"href":"https:\/\/mero.cz\/en\/wp-json\/wp\/v2\/media?parent=7641"}],"curies":[{"name":"wp","href":"https:\/\/api.w.org\/{rel}","templated":true}]}}